{"id":2250,"date":"2018-05-04T18:13:41","date_gmt":"2018-05-04T16:13:41","guid":{"rendered":"https:\/\/www.misenti.se\/?page_id=2250"},"modified":"2025-04-30T15:40:50","modified_gmt":"2025-04-30T13:40:50","slug":"vidgade-vyer-och-nya-utmaningar","status":"publish","type":"page","link":"https:\/\/www.misenti.se\/","title":{"rendered":"Nya utmaningar"},"content":{"rendered":"\n<p><\/p>\n\n\n\n<p>MiSenti Kommunikation har f\u00f6r\u00e4ndrad verksamhetsinriktning f\u00f6r att m\u00f6ta nya behov. V\u00e4nligen kontakta VD f\u00f6r mer information.<\/p>\n\n\n<h1 style=\"text-align: center;\">\u00a0<\/h1>\n<p><a href=\"https:\/\/www.misenti.se\/wp-content\/uploads\/2014\/04\/cropped-LogaM\u00f6rkgr\u00f6n-e1396601961544-1.png\"><img loading=\"lazy\" decoding=\"async\" class=\"wp-image-1516 aligncenter\" src=\"https:\/\/www.misenti.se\/wp-content\/uploads\/2014\/04\/cropped-LogaM\u00f6rkgr\u00f6n-e1396601961544-1.png\" alt=\"\" width=\"719\" height=\"222\" \/><\/a><\/p>\n<p style=\"text-align: center;\"><a href=\"mailto:malin@misenti.se\">info@misenti.se<\/a><\/p>\n<\/p>","protected":false},"excerpt":{"rendered":"<p>MiSenti Kommunikation har f\u00f6r\u00e4ndrad verksamhetsinriktning f\u00f6r att m\u00f6ta nya behov. V\u00e4nligen kontakta VD f\u00f6r mer information. \u00a0 info@misenti.se<\/p>\n","protected":false},"author":7,"featured_media":0,"parent":0,"menu_order":0,"comment_status":"closed","ping_status":"closed","template":"","meta":{"footnotes":""},"class_list":["post-2250","page","type-page","status-publish","hentry"],"_links":{"self":[{"href":"https:\/\/www.misenti.se\/index.php?rest_route=\/wp\/v2\/pages\/2250","targetHints":{"allow":["GET"]}}],"collection":[{"href":"https:\/\/www.misenti.se\/index.php?rest_route=\/wp\/v2\/pages"}],"about":[{"href":"https:\/\/www.misenti.se\/index.php?rest_route=\/wp\/v2\/types\/page"}],"author":[{"embeddable":true,"href":"https:\/\/www.misenti.se\/index.php?rest_route=\/wp\/v2\/users\/7"}],"replies":[{"embeddable":true,"href":"https:\/\/www.misenti.se\/index.php?rest_route=%2Fwp%2Fv2%2Fcomments&post=2250"}],"version-history":[{"count":20,"href":"https:\/\/www.misenti.se\/index.php?rest_route=\/wp\/v2\/pages\/2250\/revisions"}],"predecessor-version":[{"id":2316,"href":"https:\/\/www.misenti.se\/index.php?rest_route=\/wp\/v2\/pages\/2250\/revisions\/2316"}],"wp:attachment":[{"href":"https:\/\/www.misenti.se\/index.php?rest_route=%2Fwp%2Fv2%2Fmedia&parent=2250"}],"curies":[{"name":"wp","href":"https:\/\/api.w.org\/{rel}","templated":true}]}}